{"id":60,"date":"2021-05-23T08:34:25","date_gmt":"2021-05-23T08:34:25","guid":{"rendered":"https:\/\/themepure.net\/wp\/airvice\/?page_id=60"},"modified":"2025-05-28T12:03:48","modified_gmt":"2025-05-28T10:03:48","slug":"servicios","status":"publish","type":"page","link":"https:\/\/splitel.es\/en\/servicios\/","title":{"rendered":"Servicios"},"content":{"rendered":"<div data-elementor-type=\"wp-page\" data-elementor-id=\"60\" class=\"elementor elementor-60\" data-elementor-post-type=\"page\">\n\t\t\t\t<div class=\"elementor-element elementor-element-0c47a16 e-flex e-con-boxed e-con e-parent\" data-id=\"0c47a16\" data-element_type=\"container\" data-e-type=\"container\">\n\t\t\t\t\t<div class=\"e-con-inner\">\n\t\t<div class=\"elementor-element elementor-element-edb0fb8 e-con-full e-flex e-con e-child\" data-id=\"edb0fb8\" data-element_type=\"container\" data-e-type=\"container\">\n\t\t\t\t<div class=\"elementor-element elementor-element-0728a91 elementor-widget elementor-widget-service bdevs-el service\" data-id=\"0728a91\" data-element_type=\"widget\" data-e-type=\"widget\" data-settings=\"{&quot;design_style&quot;:&quot;style_1&quot;}\" data-widget_type=\"service.default\">\n\t\t\t\t<div class=\"elementor-widget-container\">\n\t\t\t\t\t        \n\n\n            <div class=\"ablog mb-55 wow fadeInUp2\" data-wow-delay=\".3s\">\n                                    <div class=\"ablog__img\">\n                        <img decoding=\"async\" src=\"https:\/\/splitel.es\/wp-content\/uploads\/2025\/05\/1-742bf034.jpeg\" class=\"img-fluid\" alt=\"image\">\n                    <\/div>\n                                <div class=\"ablog__text ablog__text--service bdevs-el-content\">\n                    <div class=\"blog__date blog__date--service__icon\">\n                                                    <figure>\n                                <i aria-hidden=\"true\" class=\"fas fa-bolt\"><\/i>                            <\/figure>\n                                            <\/div>\n                                            <h4 class=\"ablog__text--title bdevs-el-title\"><a href=\"\/en\/wp\/airvice\/ourservices\/ac-installation\/\">Electricidad baja tensi\u00f3n<\/a><\/h4>\n                    \n                    <p>Expertos en instalaciones el\u00e9ctricas de baja tensi\u00f3n, garantizando seguridad y eficiencia en cada proyecto.<\/p>\n\n                                    <\/div>\n            <\/div>\n        \n\t\t\t\t<\/div>\n\t\t\t\t<\/div>\n\t\t\t\t<\/div>\n\t\t<div class=\"elementor-element elementor-element-3e553fb e-con-full e-flex e-con e-child\" data-id=\"3e553fb\" data-element_type=\"container\" data-e-type=\"container\">\n\t\t\t\t<div class=\"elementor-element elementor-element-af59213 elementor-widget elementor-widget-service bdevs-el service\" data-id=\"af59213\" data-element_type=\"widget\" data-e-type=\"widget\" data-settings=\"{&quot;design_style&quot;:&quot;style_1&quot;}\" data-widget_type=\"service.default\">\n\t\t\t\t<div class=\"elementor-widget-container\">\n\t\t\t\t\t        \n\n\n            <div class=\"ablog mb-55 wow fadeInUp2\" data-wow-delay=\".3s\">\n                                    <div class=\"ablog__img\">\n                        <img decoding=\"async\" src=\"https:\/\/splitel.es\/wp-content\/uploads\/2025\/05\/3-f6d68ec2.jpeg\" class=\"img-fluid\" alt=\"image\">\n                    <\/div>\n                                <div class=\"ablog__text ablog__text--service bdevs-el-content\">\n                    <div class=\"blog__date blog__date--service__icon\">\n                                                    <figure>\n                                <i aria-hidden=\"true\" class=\"flaticon-air-conditioner\"><\/i>                            <\/figure>\n                                            <\/div>\n                                            <h4 class=\"ablog__text--title bdevs-el-title\"><a href=\"\">Aire Acondicionado<\/a><\/h4>\n                    \n                    <p>Ofrecemos instalaci\u00f3n y mantenimiento de sistemas de aire acondicionado para su comodidad y bienestar.<\/p>\n\n                                    <\/div>\n            <\/div>\n        \n\t\t\t\t<\/div>\n\t\t\t\t<\/div>\n\t\t\t\t<\/div>\n\t\t\t\t\t<\/div>\n\t\t\t\t<\/div>\n\t\t\t\t<section class=\"elementor-section elementor-top-section elementor-element elementor-element-291714b elementor-section-full_width elementor-section-height-default elementor-section-height-default\" data-id=\"291714b\" data-element_type=\"section\" data-e-type=\"section\" data-settings=\"{&quot;background_background&quot;:&quot;classic&quot;}\">\n\t\t\t\t\t\t<div class=\"elementor-container elementor-column-gap-no\">\n\t\t\t\t\t<div class=\"elementor-column elementor-col-100 elementor-top-column elementor-element elementor-element-114843d\" data-id=\"114843d\" data-element_type=\"column\" data-e-type=\"column\">\n\t\t\t<div class=\"elementor-widget-wrap elementor-element-populated\">\n\t\t\t\t\t\t<div class=\"elementor-element elementor-element-cc383f3 elementor-widget elementor-widget-heading bdevs-el heading\" data-id=\"cc383f3\" data-element_type=\"widget\" data-e-type=\"widget\" data-settings=\"{&quot;design_style&quot;:&quot;style_4&quot;}\" data-widget_type=\"heading.default\">\n\t\t\t\t<div class=\"elementor-widget-container\">\n\t\t\t\t\t\n        \n            <div class=\"section-title-wrapper text-center mb-70 wow fadeInUp2\" data-wow-delay=\".3s\">\n                <h6 class=\"subtitle subtitle-border mb-20 bdevs-el-subtitle\">How it works<\/h6>\n                <h2 class=\"section__title section__title-4 section__title-4-p-2 section-title section-title bdevs-el-title\">Proyectos desctacados<\/h2>            <\/div>\n\n        \t\t\t\t<\/div>\n\t\t\t\t<\/div>\n\t\t\t\t\t<\/div>\n\t\t<\/div>\n\t\t\t\t\t<\/div>\n\t\t<\/section>\n\t\t<div class=\"elementor-element elementor-element-79c7f52 e-flex e-con-boxed e-con e-parent\" data-id=\"79c7f52\" data-element_type=\"container\" data-e-type=\"container\">\n\t\t\t\t\t<div class=\"e-con-inner\">\n\t\t<div class=\"elementor-element elementor-element-4c0cf5e e-con-full e-flex e-con e-child\" data-id=\"4c0cf5e\" data-element_type=\"container\" data-e-type=\"container\" data-settings=\"{&quot;background_background&quot;:&quot;classic&quot;}\">\n\t\t\t\t<div class=\"elementor-element elementor-element-6d145e1 elementor-widget elementor-widget-image\" data-id=\"6d145e1\" data-element_type=\"widget\" data-e-type=\"widget\" data-widget_type=\"image.default\">\n\t\t\t\t<div class=\"elementor-widget-container\">\n\t\t\t\t\t\t\t\t\t\t\t\t\t\t\t<img fetchpriority=\"high\" decoding=\"async\" width=\"606\" height=\"304\" src=\"https:\/\/splitel.es\/wp-content\/uploads\/2025\/05\/2-f6d68ec2.jpeg\" class=\"attachment-airvice-case-thumb size-airvice-case-thumb wp-image-2323\" alt=\"\" srcset=\"https:\/\/splitel.es\/wp-content\/uploads\/2025\/05\/2-f6d68ec2.jpeg 606w, https:\/\/splitel.es\/wp-content\/uploads\/2025\/05\/2-f6d68ec2-18x9.jpeg 18w\" sizes=\"(max-width: 606px) 100vw, 606px\" \/>\t\t\t\t\t\t\t\t\t\t\t\t\t\t\t<\/div>\n\t\t\t\t<\/div>\n\t\t\t\t<div class=\"elementor-element elementor-element-0553bb9 elementor-widget elementor-widget-heading bdevs-el heading\" data-id=\"0553bb9\" data-element_type=\"widget\" data-e-type=\"widget\" data-settings=\"{&quot;design_style&quot;:&quot;style_1&quot;}\" data-widget_type=\"heading.default\">\n\t\t\t\t<div class=\"elementor-widget-container\">\n\t\t\t\t\t\n        \n                            <div class=\"section-title-wrapper wow fadeInUp2 bdevs-el-content\" data-wow-delay=\".3s\">\n                                        <h2 class=\"section__title section__title-4 section__title-4-p-2 section-title section-title bdevs-el-title\">Aire acondicionado<\/h2>\n                                            <p>Instalaci\u00f3n y mantenimiento de sistemas de climatizaci\u00f3n eficientes.<\/p>\n                    \n                <\/div>\n            \n        \t\t\t\t<\/div>\n\t\t\t\t<\/div>\n\t\t\t\t<\/div>\n\t\t<div class=\"elementor-element elementor-element-70b17c8 e-con-full e-flex e-con e-child\" data-id=\"70b17c8\" data-element_type=\"container\" data-e-type=\"container\" data-settings=\"{&quot;background_background&quot;:&quot;classic&quot;}\">\n\t\t\t\t<div class=\"elementor-element elementor-element-9a6dfbb elementor-widget elementor-widget-image\" data-id=\"9a6dfbb\" data-element_type=\"widget\" data-e-type=\"widget\" data-widget_type=\"image.default\">\n\t\t\t\t<div class=\"elementor-widget-container\">\n\t\t\t\t\t\t\t\t\t\t\t\t\t\t\t<img decoding=\"async\" width=\"600\" height=\"304\" src=\"https:\/\/splitel.es\/wp-content\/uploads\/2025\/05\/1-742bf034.jpeg\" class=\"attachment-airvice-case-thumb size-airvice-case-thumb wp-image-2318\" alt=\"\" srcset=\"https:\/\/splitel.es\/wp-content\/uploads\/2025\/05\/1-742bf034.jpeg 600w, https:\/\/splitel.es\/wp-content\/uploads\/2025\/05\/1-742bf034-18x9.jpeg 18w\" sizes=\"(max-width: 600px) 100vw, 600px\" \/>\t\t\t\t\t\t\t\t\t\t\t\t\t\t\t<\/div>\n\t\t\t\t<\/div>\n\t\t\t\t<div class=\"elementor-element elementor-element-bb9ef8d elementor-widget elementor-widget-heading bdevs-el heading\" data-id=\"bb9ef8d\" data-element_type=\"widget\" data-e-type=\"widget\" data-settings=\"{&quot;design_style&quot;:&quot;style_1&quot;}\" data-widget_type=\"heading.default\">\n\t\t\t\t<div class=\"elementor-widget-container\">\n\t\t\t\t\t\n        \n                            <div class=\"section-title-wrapper wow fadeInUp2 bdevs-el-content\" data-wow-delay=\".3s\">\n                                        <h2 class=\"section__title section__title-4 section__title-4-p-2 section-title section-title bdevs-el-title\">Electricidad<\/h2>\n                                            <p>Servicios de electricidad en baja tensi\u00f3n para su hogar.<\/p>\n                    \n                <\/div>\n            \n        \t\t\t\t<\/div>\n\t\t\t\t<\/div>\n\t\t\t\t<\/div>\n\t\t\t\t\t<\/div>\n\t\t\t\t<\/div>\n\t\t<div class=\"elementor-element elementor-element-52b67e8 e-con-full e-flex e-con e-parent\" data-id=\"52b67e8\" data-element_type=\"container\" data-e-type=\"container\">\n\t\t\t\t<div class=\"elementor-element elementor-element-dfd3c6a elementor-widget-divider--view-line elementor-widget elementor-widget-divider\" data-id=\"dfd3c6a\" data-element_type=\"widget\" data-e-type=\"widget\" data-widget_type=\"divider.default\">\n\t\t\t\t<div class=\"elementor-widget-container\">\n\t\t\t\t\t\t\t<div class=\"elementor-divider\">\n\t\t\t<span class=\"elementor-divider-separator\">\n\t\t\t\t\t\t<\/span>\n\t\t<\/div>\n\t\t\t\t\t\t<\/div>\n\t\t\t\t<\/div>\n\t\t\t\t<\/div>\n\t\t<div class=\"elementor-element elementor-element-f439af9 e-flex e-con-boxed e-con e-parent\" data-id=\"f439af9\" data-element_type=\"container\" data-e-type=\"container\">\n\t\t\t\t\t<div class=\"e-con-inner\">\n\t\t<div class=\"elementor-element elementor-element-64559b0 e-con-full e-flex e-con e-child\" data-id=\"64559b0\" data-element_type=\"container\" data-e-type=\"container\" data-settings=\"{&quot;background_background&quot;:&quot;classic&quot;}\">\n\t\t\t\t<div class=\"elementor-element elementor-element-6d235bf elementor-widget elementor-widget-image\" data-id=\"6d235bf\" data-element_type=\"widget\" data-e-type=\"widget\" data-widget_type=\"image.default\">\n\t\t\t\t<div class=\"elementor-widget-container\">\n\t\t\t\t\t\t\t\t\t\t\t\t\t\t\t<img decoding=\"async\" width=\"736\" height=\"432\" src=\"https:\/\/splitel.es\/wp-content\/uploads\/2025\/05\/2-64ba4571.jpeg\" class=\"attachment-full size-full wp-image-2330\" alt=\"\" srcset=\"https:\/\/splitel.es\/wp-content\/uploads\/2025\/05\/2-64ba4571.jpeg 736w, https:\/\/splitel.es\/wp-content\/uploads\/2025\/05\/2-64ba4571-640x376.jpeg 640w, https:\/\/splitel.es\/wp-content\/uploads\/2025\/05\/2-64ba4571-18x12.jpeg 18w\" sizes=\"(max-width: 736px) 100vw, 736px\" \/>\t\t\t\t\t\t\t\t\t\t\t\t\t\t\t<\/div>\n\t\t\t\t<\/div>\n\t\t\t\t<div class=\"elementor-element elementor-element-4ecbb48 elementor-widget elementor-widget-heading bdevs-el heading\" data-id=\"4ecbb48\" data-element_type=\"widget\" data-e-type=\"widget\" data-settings=\"{&quot;design_style&quot;:&quot;style_1&quot;}\" data-widget_type=\"heading.default\">\n\t\t\t\t<div class=\"elementor-widget-container\">\n\t\t\t\t\t\n        \n                            <div class=\"section-title-wrapper wow fadeInUp2 bdevs-el-content\" data-wow-delay=\".3s\">\n                                        <h2 class=\"section__title section__title-4 section__title-4-p-2 section-title section-title bdevs-el-title\">Fibra \u00f3ptica<\/h2>\n                                            <p>Instalaci\u00f3n de fibra \u00f3ptica con con mas de 20 a\u00f1os de experiencia.<\/p>\n                    \n                <\/div>\n            \n        \t\t\t\t<\/div>\n\t\t\t\t<\/div>\n\t\t\t\t<\/div>\n\t\t<div class=\"elementor-element elementor-element-ab0d3b1 e-con-full e-flex e-con e-child\" data-id=\"ab0d3b1\" data-element_type=\"container\" data-e-type=\"container\" data-settings=\"{&quot;background_background&quot;:&quot;classic&quot;}\">\n\t\t\t\t<div class=\"elementor-element elementor-element-b0f3faa elementor-widget elementor-widget-image\" data-id=\"b0f3faa\" data-element_type=\"widget\" data-e-type=\"widget\" data-widget_type=\"image.default\">\n\t\t\t\t<div class=\"elementor-widget-container\">\n\t\t\t\t\t\t\t\t\t\t\t\t\t\t\t<img decoding=\"async\" src=\"https:\/\/splitel.es\/wp-content\/uploads\/elementor\/thumbs\/service-img-3-r6dhx1fwjz95liz0hs1iw0c0soupnnnbmmwo95jpo2.jpg\" title=\"service-img-3\" alt=\"service-img-3\" loading=\"lazy\" \/>\t\t\t\t\t\t\t\t\t\t\t\t\t\t\t<\/div>\n\t\t\t\t<\/div>\n\t\t\t\t<div class=\"elementor-element elementor-element-a50e2b7 elementor-widget elementor-widget-heading bdevs-el heading\" data-id=\"a50e2b7\" data-element_type=\"widget\" data-e-type=\"widget\" data-settings=\"{&quot;design_style&quot;:&quot;style_1&quot;}\" data-widget_type=\"heading.default\">\n\t\t\t\t<div class=\"elementor-widget-container\">\n\t\t\t\t\t\n        \n                            <div class=\"section-title-wrapper wow fadeInUp2 bdevs-el-content\" data-wow-delay=\".3s\">\n                                        <h2 class=\"section__title section__title-4 section__title-4-p-2 section-title section-title bdevs-el-title\">Calidad Garantizada<\/h2>\n                                            <p>Proyectos realizados con est\u00e1ndares de calidad y seguridad.<\/p>\n                    \n                <\/div>\n            \n        \t\t\t\t<\/div>\n\t\t\t\t<\/div>\n\t\t\t\t<\/div>\n\t\t\t\t\t<\/div>\n\t\t\t\t<\/div>\n\t\t\t\t<\/div>","protected":false},"excerpt":{"rendered":"<p>Electricidad baja tensi\u00f3n Expertos en instalaciones el\u00e9ctricas de baja tensi\u00f3n, garantizando seguridad y eficiencia en cada proyecto. Aire Acondicionado Ofrecemos instalaci\u00f3n y mantenimiento de sistemas de aire acondicionado para su comodidad y bienestar. How it works Proyectos desctacados Aire acondicionado Instalaci\u00f3n y mantenimiento de sistemas de climatizaci\u00f3n eficientes. Electricidad Servicios de electricidad en baja tensi\u00f3n [&hellip;]<\/p>\n","protected":false},"author":1,"featured_media":0,"parent":0,"menu_order":0,"comment_status":"closed","ping_status":"closed","template":"elementor_header_footer","meta":{"_acf_changed":false,"_monsterinsights_skip_tracking":false,"_monsterinsights_sitenote_active":false,"_monsterinsights_sitenote_note":"","_monsterinsights_sitenote_category":0,"footnotes":""},"class_list":["post-60","page","type-page","status-publish","hentry"],"acf":[],"aioseo_notices":[],"_links":{"self":[{"href":"https:\/\/splitel.es\/en\/wp-json\/wp\/v2\/pages\/60","targetHints":{"allow":["GET"]}}],"collection":[{"href":"https:\/\/splitel.es\/en\/wp-json\/wp\/v2\/pages"}],"about":[{"href":"https:\/\/splitel.es\/en\/wp-json\/wp\/v2\/types\/page"}],"author":[{"embeddable":true,"href":"https:\/\/splitel.es\/en\/wp-json\/wp\/v2\/users\/1"}],"replies":[{"embeddable":true,"href":"https:\/\/splitel.es\/en\/wp-json\/wp\/v2\/comments?post=60"}],"version-history":[{"count":11,"href":"https:\/\/splitel.es\/en\/wp-json\/wp\/v2\/pages\/60\/revisions"}],"predecessor-version":[{"id":2367,"href":"https:\/\/splitel.es\/en\/wp-json\/wp\/v2\/pages\/60\/revisions\/2367"}],"wp:attachment":[{"href":"https:\/\/splitel.es\/en\/wp-json\/wp\/v2\/media?parent=60"}],"curies":[{"name":"wp","href":"https:\/\/api.w.org\/{rel}","templated":true}]}}