{"id":2556,"date":"2025-06-06T13:33:05","date_gmt":"2025-06-06T11:33:05","guid":{"rendered":"https:\/\/splitel.es\/?page_id=2556"},"modified":"2025-06-06T13:35:09","modified_gmt":"2025-06-06T11:35:09","slug":"servicios-electricos","status":"publish","type":"page","link":"https:\/\/splitel.es\/en\/servicios-electricos\/","title":{"rendered":"Servicios el\u00e9ctricos"},"content":{"rendered":"<div data-elementor-type=\"wp-page\" data-elementor-id=\"2556\" class=\"elementor elementor-2556\" data-elementor-post-type=\"page\">\n\t\t\t\t<div class=\"elementor-element elementor-element-266c8b3 e-flex e-con-boxed e-con e-parent\" data-id=\"266c8b3\" data-element_type=\"container\" data-e-type=\"container\">\n\t\t\t\t\t<div class=\"e-con-inner\">\n\t\t<div class=\"elementor-element elementor-element-5fc50af e-con-full animated-slow e-flex elementor-invisible e-con e-child\" data-id=\"5fc50af\" data-element_type=\"container\" data-e-type=\"container\" data-settings=\"{&quot;animation&quot;:&quot;fadeIn&quot;}\">\n\t\t\t\t<div class=\"elementor-element elementor-element-267af8b elementor-widget elementor-widget-image\" data-id=\"267af8b\" data-element_type=\"widget\" data-e-type=\"widget\" data-widget_type=\"image.default\">\n\t\t\t\t<div class=\"elementor-widget-container\">\n\t\t\t\t\t\t\t\t\t\t\t\t\t\t\t<img fetchpriority=\"high\" decoding=\"async\" width=\"474\" height=\"360\" src=\"https:\/\/splitel.es\/wp-content\/uploads\/2025\/05\/a1761d56-0490-480a-8d1c-aa33e91d0826-mjEqvnZ0MXI5vzbJ.jpg\" class=\"attachment-full size-full wp-image-2382\" alt=\"\" srcset=\"https:\/\/splitel.es\/wp-content\/uploads\/2025\/05\/a1761d56-0490-480a-8d1c-aa33e91d0826-mjEqvnZ0MXI5vzbJ.jpg 474w, https:\/\/splitel.es\/wp-content\/uploads\/2025\/05\/a1761d56-0490-480a-8d1c-aa33e91d0826-mjEqvnZ0MXI5vzbJ-16x12.jpg 16w\" sizes=\"(max-width: 474px) 100vw, 474px\" \/>\t\t\t\t\t\t\t\t\t\t\t\t\t\t\t<\/div>\n\t\t\t\t<\/div>\n\t\t\t\t<\/div>\n\t\t<div class=\"elementor-element elementor-element-1b5f4ec e-con-full animated-slow e-flex elementor-invisible e-con e-child\" data-id=\"1b5f4ec\" data-element_type=\"container\" data-e-type=\"container\" data-settings=\"{&quot;animation&quot;:&quot;fadeIn&quot;}\">\n\t\t\t\t<div class=\"elementor-element elementor-element-98f8bf4 elementor-widget elementor-widget-heading bdevs-el heading\" data-id=\"98f8bf4\" data-element_type=\"widget\" data-e-type=\"widget\" data-settings=\"{&quot;design_style&quot;:&quot;style_1&quot;}\" data-widget_type=\"heading.default\">\n\t\t\t\t<div class=\"elementor-widget-container\">\n\t\t\t\t\t\n        \n                            <div class=\"section-title-wrapper wow fadeInUp2 bdevs-el-content\" data-wow-delay=\".3s\">\n                                        <h2 class=\"section__title section__title-4 section__title-4-p-2 section-title section-title bdevs-el-title\">Servicios El\u00e9ctricos: Seguridad y Eficiencia Garantizadas<\/h2>\n                    \n                <\/div>\n            \n        \t\t\t\t<\/div>\n\t\t\t\t<\/div>\n\t\t\t\t<div class=\"elementor-element elementor-element-c7b72e8 elementor-widget-divider--view-line elementor-widget elementor-widget-divider\" data-id=\"c7b72e8\" data-element_type=\"widget\" data-e-type=\"widget\" data-widget_type=\"divider.default\">\n\t\t\t\t<div class=\"elementor-widget-container\">\n\t\t\t\t\t\t\t<div class=\"elementor-divider\">\n\t\t\t<span class=\"elementor-divider-separator\">\n\t\t\t\t\t\t<\/span>\n\t\t<\/div>\n\t\t\t\t\t\t<\/div>\n\t\t\t\t<\/div>\n\t\t\t\t<div class=\"elementor-element elementor-element-831607b elementor-widget elementor-widget-heading bdevs-el heading\" data-id=\"831607b\" data-element_type=\"widget\" data-e-type=\"widget\" data-settings=\"{&quot;design_style&quot;:&quot;style_1&quot;}\" data-widget_type=\"heading.default\">\n\t\t\t\t<div class=\"elementor-widget-container\">\n\t\t\t\t\t\n        \n                            <div class=\"section-title-wrapper wow fadeInUp2 bdevs-el-content\" data-wow-delay=\".3s\">\n                                        <h2 class=\"section__title section__title-4 section__title-4-p-2 section-title section-title bdevs-el-title\">En Instaladora2021 S.L. ofrecemos una amplia gama de servicios el\u00e9ctricos en baja tensi\u00f3n, dise\u00f1ados para asegurar la m\u00e1xima seguridad, funcionalidad y eficiencia energ\u00e9tica en tu hogar o negocio.\nTrabajamos con materiales de alta calidad y tecnolog\u00eda avanzada para ofrecer resultados fiables y duraderos.\n\nConf\u00eda en nosotros para asegurar que tus instalaciones el\u00e9ctricas funcionen de forma segura y eficiente.\n\n<\/h2>\n                    \n                <\/div>\n            \n        \t\t\t\t<\/div>\n\t\t\t\t<\/div>\n\t\t\t\t<\/div>\n\t\t\t\t\t<\/div>\n\t\t\t\t<\/div>\n\t\t\t\t<\/div>","protected":false},"excerpt":{"rendered":"<p>Servicios El\u00e9ctricos: Seguridad y Eficiencia Garantizadas En Instaladora2021 S.L. ofrecemos una amplia gama de servicios el\u00e9ctricos en baja tensi\u00f3n, dise\u00f1ados para asegurar la m\u00e1xima seguridad, funcionalidad y eficiencia energ\u00e9tica en tu hogar o negocio. Trabajamos con materiales de alta calidad y tecnolog\u00eda avanzada para ofrecer resultados fiables y duraderos. Conf\u00eda en nosotros para asegurar que [&hellip;]<\/p>\n","protected":false},"author":1,"featured_media":0,"parent":0,"menu_order":0,"comment_status":"closed","ping_status":"closed","template":"","meta":{"_acf_changed":false,"_monsterinsights_skip_tracking":false,"_monsterinsights_sitenote_active":false,"_monsterinsights_sitenote_note":"","_monsterinsights_sitenote_category":0,"footnotes":""},"class_list":["post-2556","page","type-page","status-publish","hentry"],"acf":[],"aioseo_notices":[],"_links":{"self":[{"href":"https:\/\/splitel.es\/en\/wp-json\/wp\/v2\/pages\/2556","targetHints":{"allow":["GET"]}}],"collection":[{"href":"https:\/\/splitel.es\/en\/wp-json\/wp\/v2\/pages"}],"about":[{"href":"https:\/\/splitel.es\/en\/wp-json\/wp\/v2\/types\/page"}],"author":[{"embeddable":true,"href":"https:\/\/splitel.es\/en\/wp-json\/wp\/v2\/users\/1"}],"replies":[{"embeddable":true,"href":"https:\/\/splitel.es\/en\/wp-json\/wp\/v2\/comments?post=2556"}],"version-history":[{"count":4,"href":"https:\/\/splitel.es\/en\/wp-json\/wp\/v2\/pages\/2556\/revisions"}],"predecessor-version":[{"id":2560,"href":"https:\/\/splitel.es\/en\/wp-json\/wp\/v2\/pages\/2556\/revisions\/2560"}],"wp:attachment":[{"href":"https:\/\/splitel.es\/en\/wp-json\/wp\/v2\/media?parent=2556"}],"curies":[{"name":"wp","href":"https:\/\/api.w.org\/{rel}","templated":true}]}}