{"id":2549,"date":"2025-06-06T13:22:35","date_gmt":"2025-06-06T11:22:35","guid":{"rendered":"https:\/\/splitel.es\/?page_id=2549"},"modified":"2025-06-06T13:30:56","modified_gmt":"2025-06-06T11:30:56","slug":"fibra-optica-2","status":"publish","type":"page","link":"https:\/\/splitel.es\/en\/fibra-optica-2\/","title":{"rendered":"Fibra \u00f3ptica"},"content":{"rendered":"<div data-elementor-type=\"wp-page\" data-elementor-id=\"2549\" class=\"elementor elementor-2549\" data-elementor-post-type=\"page\">\n\t\t\t\t<div class=\"elementor-element elementor-element-471cce9 e-flex e-con-boxed e-con e-parent\" data-id=\"471cce9\" data-element_type=\"container\" data-e-type=\"container\">\n\t\t\t\t\t<div class=\"e-con-inner\">\n\t\t<div class=\"elementor-element elementor-element-5a9ac44 e-con-full animated-slow e-flex elementor-invisible e-con e-child\" data-id=\"5a9ac44\" data-element_type=\"container\" data-e-type=\"container\" data-settings=\"{&quot;animation&quot;:&quot;fadeIn&quot;}\">\n\t\t\t\t<div class=\"elementor-element elementor-element-490be56 elementor-widget elementor-widget-image\" data-id=\"490be56\" data-element_type=\"widget\" data-e-type=\"widget\" data-widget_type=\"image.default\">\n\t\t\t\t<div class=\"elementor-widget-container\">\n\t\t\t\t\t\t\t\t\t\t\t\t\t\t\t<img fetchpriority=\"high\" decoding=\"async\" width=\"1919\" height=\"1277\" src=\"https:\/\/splitel.es\/wp-content\/uploads\/2025\/06\/pexels-brett-sayles-2425567.jpg\" class=\"attachment-full size-full wp-image-2552\" alt=\"\" srcset=\"https:\/\/splitel.es\/wp-content\/uploads\/2025\/06\/pexels-brett-sayles-2425567.jpg 1919w, https:\/\/splitel.es\/wp-content\/uploads\/2025\/06\/pexels-brett-sayles-2425567-640x426.jpg 640w, https:\/\/splitel.es\/wp-content\/uploads\/2025\/06\/pexels-brett-sayles-2425567-1280x852.jpg 1280w, https:\/\/splitel.es\/wp-content\/uploads\/2025\/06\/pexels-brett-sayles-2425567-768x511.jpg 768w, https:\/\/splitel.es\/wp-content\/uploads\/2025\/06\/pexels-brett-sayles-2425567-1536x1022.jpg 1536w, https:\/\/splitel.es\/wp-content\/uploads\/2025\/06\/pexels-brett-sayles-2425567-18x12.jpg 18w\" sizes=\"(max-width: 1919px) 100vw, 1919px\" \/>\t\t\t\t\t\t\t\t\t\t\t\t\t\t\t<\/div>\n\t\t\t\t<\/div>\n\t\t\t\t<\/div>\n\t\t<div class=\"elementor-element elementor-element-93fb671 e-con-full animated-slow e-flex elementor-invisible e-con e-child\" data-id=\"93fb671\" data-element_type=\"container\" data-e-type=\"container\" data-settings=\"{&quot;animation&quot;:&quot;fadeIn&quot;}\">\n\t\t\t\t<div class=\"elementor-element elementor-element-e82709d elementor-widget elementor-widget-heading bdevs-el heading\" data-id=\"e82709d\" data-element_type=\"widget\" data-e-type=\"widget\" data-settings=\"{&quot;design_style&quot;:&quot;style_1&quot;}\" data-widget_type=\"heading.default\">\n\t\t\t\t<div class=\"elementor-widget-container\">\n\t\t\t\t\t\n        \n                            <div class=\"section-title-wrapper wow fadeInUp2 bdevs-el-content\" data-wow-delay=\".3s\">\n                                        <h2 class=\"section__title section__title-4 section__title-4-p-2 section-title section-title bdevs-el-title\">Fibra \u00d3ptica: Conectividad de Alta Velocidad y Fiabilidad<\/h2>\n                    \n                <\/div>\n            \n        \t\t\t\t<\/div>\n\t\t\t\t<\/div>\n\t\t\t\t<div class=\"elementor-element elementor-element-dda74c7 elementor-widget-divider--view-line elementor-widget elementor-widget-divider\" data-id=\"dda74c7\" data-element_type=\"widget\" data-e-type=\"widget\" data-widget_type=\"divider.default\">\n\t\t\t\t<div class=\"elementor-widget-container\">\n\t\t\t\t\t\t\t<div class=\"elementor-divider\">\n\t\t\t<span class=\"elementor-divider-separator\">\n\t\t\t\t\t\t<\/span>\n\t\t<\/div>\n\t\t\t\t\t\t<\/div>\n\t\t\t\t<\/div>\n\t\t\t\t<div class=\"elementor-element elementor-element-807159b elementor-widget elementor-widget-heading bdevs-el heading\" data-id=\"807159b\" data-element_type=\"widget\" data-e-type=\"widget\" data-settings=\"{&quot;design_style&quot;:&quot;style_1&quot;}\" data-widget_type=\"heading.default\">\n\t\t\t\t<div class=\"elementor-widget-container\">\n\t\t\t\t\t\n        \n                            <div class=\"section-title-wrapper wow fadeInUp2 bdevs-el-content\" data-wow-delay=\".3s\">\n                                        <h2 class=\"section__title section__title-4 section__title-4-p-2 section-title section-title bdevs-el-title\">En Instaladora2021 S.L. ofrecemos servicios especializados en instalaci\u00f3n y mantenimiento de fibra \u00f3ptica, la tecnolog\u00eda l\u00edder para comunicaciones r\u00e1pidas, estables y seguras.\n\nLa fibra \u00f3ptica permite transmitir grandes vol\u00famenes de datos a velocidades superiores y con menor p\u00e9rdida de se\u00f1al frente a otros sistemas tradicionales. Es ideal para empresas y hogares que requieren conexiones de alta calidad para servicios como Internet, telefon\u00eda y televisi\u00f3n.<\/h2>\n                    \n                <\/div>\n            \n        \t\t\t\t<\/div>\n\t\t\t\t<\/div>\n\t\t\t\t<\/div>\n\t\t\t\t\t<\/div>\n\t\t\t\t<\/div>\n\t\t\t\t<\/div>","protected":false},"excerpt":{"rendered":"<p>Fibra \u00d3ptica: Conectividad de Alta Velocidad y Fiabilidad En Instaladora2021 S.L. ofrecemos servicios especializados en instalaci\u00f3n y mantenimiento de fibra \u00f3ptica, la tecnolog\u00eda l\u00edder para comunicaciones r\u00e1pidas, estables y seguras. La fibra \u00f3ptica permite transmitir grandes vol\u00famenes de datos a velocidades superiores y con menor p\u00e9rdida de se\u00f1al frente a otros sistemas tradicionales. Es ideal [&hellip;]<\/p>\n","protected":false},"author":1,"featured_media":0,"parent":0,"menu_order":0,"comment_status":"closed","ping_status":"closed","template":"","meta":{"_acf_changed":false,"_monsterinsights_skip_tracking":false,"_monsterinsights_sitenote_active":false,"_monsterinsights_sitenote_note":"","_monsterinsights_sitenote_category":0,"footnotes":""},"class_list":["post-2549","page","type-page","status-publish","hentry"],"acf":[],"aioseo_notices":[],"_links":{"self":[{"href":"https:\/\/splitel.es\/en\/wp-json\/wp\/v2\/pages\/2549","targetHints":{"allow":["GET"]}}],"collection":[{"href":"https:\/\/splitel.es\/en\/wp-json\/wp\/v2\/pages"}],"about":[{"href":"https:\/\/splitel.es\/en\/wp-json\/wp\/v2\/types\/page"}],"author":[{"embeddable":true,"href":"https:\/\/splitel.es\/en\/wp-json\/wp\/v2\/users\/1"}],"replies":[{"embeddable":true,"href":"https:\/\/splitel.es\/en\/wp-json\/wp\/v2\/comments?post=2549"}],"version-history":[{"count":4,"href":"https:\/\/splitel.es\/en\/wp-json\/wp\/v2\/pages\/2549\/revisions"}],"predecessor-version":[{"id":2555,"href":"https:\/\/splitel.es\/en\/wp-json\/wp\/v2\/pages\/2549\/revisions\/2555"}],"wp:attachment":[{"href":"https:\/\/splitel.es\/en\/wp-json\/wp\/v2\/media?parent=2549"}],"curies":[{"name":"wp","href":"https:\/\/api.w.org\/{rel}","templated":true}]}}