{"id":2502,"date":"2025-06-06T12:33:57","date_gmt":"2025-06-06T10:33:57","guid":{"rendered":"https:\/\/splitel.es\/?page_id=2502"},"modified":"2025-06-16T16:12:23","modified_gmt":"2025-06-16T14:12:23","slug":"politicas-de-cookies","status":"publish","type":"page","link":"https:\/\/splitel.es\/en\/politicas-de-cookies\/","title":{"rendered":"Pol\u00edticas de cookies"},"content":{"rendered":"<div data-elementor-type=\"wp-page\" data-elementor-id=\"2502\" class=\"elementor elementor-2502\" data-elementor-post-type=\"page\">\n\t\t\t\t<div class=\"elementor-element elementor-element-0c0a727 e-flex e-con-boxed e-con e-parent\" data-id=\"0c0a727\" data-element_type=\"container\" data-e-type=\"container\">\n\t\t\t\t\t<div class=\"e-con-inner\">\n\t\t\t\t<div class=\"elementor-element elementor-element-8492540 elementor-widget elementor-widget-text-editor\" data-id=\"8492540\" data-element_type=\"widget\" data-e-type=\"widget\" data-widget_type=\"text-editor.default\">\n\t\t\t\t<div class=\"elementor-widget-container\">\n\t\t\t\t\t\t\t\t\t<h1 data-start=\"172\" data-end=\"193\">Pol\u00edtica de Cookies<\/h1><h2 data-start=\"195\" data-end=\"222\">1. \u00bfQU\u00c9 SON LAS COOKIES?<\/h2><p data-start=\"224\" data-end=\"595\">Una cookie es un peque\u00f1o archivo de texto que se almacena en tu navegador cuando visitas un sitio web. Sirve para que la web recuerde tu visita cuando vuelvas a navegar por esa p\u00e1gina. Las cookies suelen almacenar informaci\u00f3n t\u00e9cnica, preferencias personales, personalizaci\u00f3n de contenidos, estad\u00edsticas de uso, enlaces a redes sociales, acceso a cuentas de usuario, etc.<\/p><p data-start=\"597\" data-end=\"717\">Su objetivo es adaptar el contenido del sitio web a tu perfil y necesidades, mejorando as\u00ed tu experiencia de navegaci\u00f3n.<\/p><hr data-start=\"719\" data-end=\"722\" \/><h2 data-start=\"724\" data-end=\"746\">2. TIPOS DE COOKIES<\/h2><p data-start=\"748\" data-end=\"773\">Seg\u00fan qui\u00e9n las gestione:<\/p><ul data-start=\"774\" data-end=\"969\"><li data-start=\"774\" data-end=\"841\"><p data-start=\"776\" data-end=\"841\"><strong data-start=\"776\" data-end=\"796\">Cookies propias:<\/strong> Son las que se env\u00edan desde nuestro dominio.<\/p><\/li><li data-start=\"842\" data-end=\"969\"><p data-start=\"844\" data-end=\"969\"><strong data-start=\"844\" data-end=\"868\">Cookies de terceros:<\/strong> Son las que se env\u00edan desde dominios de otros colaboradores, como Google Analytics o redes sociales.<\/p><\/li><\/ul><p data-start=\"971\" data-end=\"989\">Seg\u00fan su duraci\u00f3n:<\/p><ul data-start=\"990\" data-end=\"1143\"><li data-start=\"990\" data-end=\"1055\"><p data-start=\"992\" data-end=\"1055\"><strong data-start=\"992\" data-end=\"1014\">Cookies de sesi\u00f3n:<\/strong> Se eliminan cuando cierras el navegador.<\/p><\/li><li data-start=\"1056\" data-end=\"1143\"><p data-start=\"1058\" data-end=\"1143\"><strong data-start=\"1058\" data-end=\"1083\">Cookies persistentes:<\/strong> Permanecen en tu dispositivo durante un tiempo determinado.<\/p><\/li><\/ul><p data-start=\"1145\" data-end=\"1164\">Seg\u00fan su finalidad:<\/p><ul data-start=\"1165\" data-end=\"1487\"><li data-start=\"1165\" data-end=\"1237\"><p data-start=\"1167\" data-end=\"1237\"><strong data-start=\"1167\" data-end=\"1188\">Cookies t\u00e9cnicas:<\/strong> Necesarias para el funcionamiento del sitio web.<\/p><\/li><li data-start=\"1238\" data-end=\"1307\"><p data-start=\"1240\" data-end=\"1307\"><strong data-start=\"1240\" data-end=\"1271\">Cookies de personalizaci\u00f3n:<\/strong> Permiten recordar tus preferencias.<\/p><\/li><li data-start=\"1308\" data-end=\"1392\"><p data-start=\"1310\" data-end=\"1392\"><strong data-start=\"1310\" data-end=\"1334\">Cookies de an\u00e1lisis:<\/strong> Nos permiten obtener estad\u00edsticas sobre el uso del sitio.<\/p><\/li><li data-start=\"1393\" data-end=\"1487\"><p data-start=\"1395\" data-end=\"1487\"><strong data-start=\"1395\" data-end=\"1421\">Cookies publicitarias:<\/strong> Gestionan los espacios publicitarios en base a tu comportamiento.<\/p><\/li><\/ul><hr data-start=\"1489\" data-end=\"1492\" \/><h2 data-start=\"1494\" data-end=\"1536\">3. COOKIES UTILIZADAS EN ESTE SITIO WEB<\/h2><p data-start=\"1538\" data-end=\"1634\">En este sitio web podemos utilizar cookies propias y de terceros con las siguientes finalidades:<\/p><ul data-start=\"1636\" data-end=\"1932\"><li data-start=\"1636\" data-end=\"1713\"><p data-start=\"1638\" data-end=\"1713\"><strong data-start=\"1638\" data-end=\"1659\">Cookies t\u00e9cnicas:<\/strong> Para garantizar el funcionamiento correcto de la web.<\/p><\/li><li data-start=\"1714\" data-end=\"1848\"><p data-start=\"1716\" data-end=\"1848\"><strong data-start=\"1716\" data-end=\"1772\">Cookies de an\u00e1lisis (por ejemplo, Google Analytics):<\/strong> Para obtener estad\u00edsticas an\u00f3nimas sobre el comportamiento de los usuarios.<\/p><\/li><li data-start=\"1849\" data-end=\"1932\"><p data-start=\"1851\" data-end=\"1932\"><strong data-start=\"1851\" data-end=\"1882\">Cookies de personalizaci\u00f3n:<\/strong> Para guardar tus preferencias de idioma o sesi\u00f3n.<\/p><\/li><\/ul><blockquote data-start=\"1934\" data-end=\"2093\"><p data-start=\"1936\" data-end=\"2093\">Puedes consultar la pol\u00edtica de privacidad de Google Analytics en:<br data-start=\"2002\" data-end=\"2005\" \/><a class=\"cursor-pointer\" target=\"_new\" rel=\"noopener\" data-start=\"2007\" data-end=\"2093\">https:\/\/policies.google.com\/privacy?hl=es<\/a><\/p><\/blockquote><hr data-start=\"2095\" data-end=\"2098\" \/><h2 data-start=\"2100\" data-end=\"2140\">4. GESTI\u00d3N Y CONFIGURACI\u00d3N DE COOKIES<\/h2><p data-start=\"2142\" data-end=\"2353\">Al acceder por primera vez al sitio web, ver\u00e1s un banner de cookies que te permite aceptar o rechazar el uso de las cookies no necesarias. En cualquier momento puedes cambiar tu configuraci\u00f3n desde tu navegador.<\/p><p data-start=\"2355\" data-end=\"2497\">Puedes permitir, bloquear o eliminar las cookies instaladas en tu equipo mediante la configuraci\u00f3n de las opciones del navegador que utilices:<\/p><ul data-start=\"2499\" data-end=\"3104\"><li data-start=\"2499\" data-end=\"2630\"><p data-start=\"2501\" data-end=\"2630\"><strong data-start=\"2501\" data-end=\"2519\">Google Chrome:<\/strong> <a class=\"cursor-pointer\" target=\"_new\" rel=\"noopener\" data-start=\"2520\" data-end=\"2628\">https:\/\/support.google.com\/chrome\/answer\/95647?hl=es<\/a><\/p><\/li><li data-start=\"2631\" data-end=\"2820\"><p data-start=\"2633\" data-end=\"2820\"><strong data-start=\"2633\" data-end=\"2653\">Mozilla Firefox:<\/strong> <a class=\"\" href=\"https:\/\/support.mozilla.org\/es\/kb\/cookies-informacion-que-los-sitios-web-guardan\" target=\"_new\" rel=\"noopener\" data-start=\"2654\" data-end=\"2818\">https:\/\/support.mozilla.org\/es\/kb\/cookies-informacion-que-los-sitios-web-guardan<\/a><\/p><\/li><li data-start=\"2821\" data-end=\"2921\"><p data-start=\"2823\" data-end=\"2921\"><strong data-start=\"2823\" data-end=\"2834\">Safari:<\/strong> <a class=\"\" href=\"https:\/\/support.apple.com\/es-es\/HT201265\" target=\"_new\" rel=\"noopener\" data-start=\"2835\" data-end=\"2919\">https:\/\/support.apple.com\/es-es\/HT201265<\/a><\/p><\/li><li data-start=\"2922\" data-end=\"3104\"><p data-start=\"2924\" data-end=\"3104\"><strong data-start=\"2924\" data-end=\"2943\">Microsoft Edge:<\/strong> <a class=\"\" href=\"https:\/\/support.microsoft.com\/es-es\/help\/4027947\/microsoft-edge-delete-cookies\" target=\"_new\" rel=\"noopener\" data-start=\"2944\" data-end=\"3104\">https:\/\/support.microsoft.com\/es-es\/help\/4027947\/microsoft-edge-delete-cookies<\/a><\/p><\/li><\/ul><hr data-start=\"3106\" data-end=\"3109\" \/><h2 data-start=\"3111\" data-end=\"3153\">5. ACEPTACI\u00d3N DE LA POL\u00cdTICA DE COOKIES<\/h2><p data-start=\"3155\" data-end=\"3415\">Al continuar navegando por este sitio web, entendemos que aceptas el uso de cookies. Puedes modificar tu configuraci\u00f3n en cualquier momento desde las opciones de tu navegador o a trav\u00e9s de nuestro panel de configuraci\u00f3n de cookies (si lo tenemos implementado).<\/p><hr data-start=\"3417\" data-end=\"3420\" \/><h2 data-start=\"3422\" data-end=\"3436\">6. CONTACTO<\/h2><p data-start=\"3438\" data-end=\"3519\">Si tienes dudas sobre esta pol\u00edtica de cookies, puedes contactar con nosotros en:<\/p><ul data-start=\"3521\" data-end=\"3599\"><li data-start=\"3521\" data-end=\"3567\"><p data-start=\"3523\" data-end=\"3567\"><strong data-start=\"3523\" data-end=\"3546\">Correo electr\u00f3nico:<\/strong> <a class=\"cursor-pointer\" rel=\"noopener\" data-start=\"3547\" data-end=\"3565\">soporteweb@splitel.es<\/a><\/p><\/li><li data-start=\"3568\" data-end=\"3599\"><p data-start=\"3570\" data-end=\"3599\"><strong data-start=\"3570\" data-end=\"3583\">Tel\u00e9fono:<\/strong> +34 871 100 464<\/p><\/li><\/ul>\t\t\t\t\t\t\t\t<\/div>\n\t\t\t\t<\/div>\n\t\t\t\t\t<\/div>\n\t\t\t\t<\/div>\n\t\t\t\t<\/div>","protected":false},"excerpt":{"rendered":"<p>Pol\u00edtica de Cookies 1. \u00bfQU\u00c9 SON LAS COOKIES? Una cookie es un peque\u00f1o archivo de texto que se almacena en tu navegador cuando visitas un sitio web. Sirve para que la web recuerde tu visita cuando vuelvas a navegar por esa p\u00e1gina. Las cookies suelen almacenar informaci\u00f3n t\u00e9cnica, preferencias personales, personalizaci\u00f3n de contenidos, estad\u00edsticas de [&hellip;]<\/p>\n","protected":false},"author":1,"featured_media":0,"parent":0,"menu_order":0,"comment_status":"closed","ping_status":"closed","template":"","meta":{"_acf_changed":false,"_monsterinsights_skip_tracking":false,"_monsterinsights_sitenote_active":false,"_monsterinsights_sitenote_note":"","_monsterinsights_sitenote_category":0,"footnotes":""},"class_list":["post-2502","page","type-page","status-publish","hentry"],"acf":[],"aioseo_notices":[],"_links":{"self":[{"href":"https:\/\/splitel.es\/en\/wp-json\/wp\/v2\/pages\/2502","targetHints":{"allow":["GET"]}}],"collection":[{"href":"https:\/\/splitel.es\/en\/wp-json\/wp\/v2\/pages"}],"about":[{"href":"https:\/\/splitel.es\/en\/wp-json\/wp\/v2\/types\/page"}],"author":[{"embeddable":true,"href":"https:\/\/splitel.es\/en\/wp-json\/wp\/v2\/users\/1"}],"replies":[{"embeddable":true,"href":"https:\/\/splitel.es\/en\/wp-json\/wp\/v2\/comments?post=2502"}],"version-history":[{"count":7,"href":"https:\/\/splitel.es\/en\/wp-json\/wp\/v2\/pages\/2502\/revisions"}],"predecessor-version":[{"id":2574,"href":"https:\/\/splitel.es\/en\/wp-json\/wp\/v2\/pages\/2502\/revisions\/2574"}],"wp:attachment":[{"href":"https:\/\/splitel.es\/en\/wp-json\/wp\/v2\/media?parent=2502"}],"curies":[{"name":"wp","href":"https:\/\/api.w.org\/{rel}","templated":true}]}}