{"id":2491,"date":"2025-06-06T12:03:26","date_gmt":"2025-06-06T10:03:26","guid":{"rendered":"https:\/\/splitel.es\/?page_id=2491"},"modified":"2025-06-16T16:11:02","modified_gmt":"2025-06-16T14:11:02","slug":"politicas-de-privacidad","status":"publish","type":"page","link":"https:\/\/splitel.es\/en\/politicas-de-privacidad\/","title":{"rendered":"Pol\u00edticas de privacidad"},"content":{"rendered":"<div data-elementor-type=\"wp-page\" data-elementor-id=\"2491\" class=\"elementor elementor-2491\" data-elementor-post-type=\"page\">\n\t\t\t\t<div class=\"elementor-element elementor-element-3c566b0 e-flex e-con-boxed e-con e-parent\" data-id=\"3c566b0\" data-element_type=\"container\" data-e-type=\"container\">\n\t\t\t\t\t<div class=\"e-con-inner\">\n\t\t\t\t<div class=\"elementor-element elementor-element-4521fd9 elementor-widget elementor-widget-text-editor\" data-id=\"4521fd9\" data-element_type=\"widget\" data-e-type=\"widget\" data-widget_type=\"text-editor.default\">\n\t\t\t\t<div class=\"elementor-widget-container\">\n\t\t\t\t\t\t\t\t\t<h1 data-start=\"230\" data-end=\"254\">Pol\u00edtica de Privacidad<\/h1><h2 data-start=\"256\" data-end=\"287\">1. IDENTIDAD DEL RESPONSABLE<\/h2><p data-start=\"289\" data-end=\"512\"><strong data-start=\"289\" data-end=\"306\">Raz\u00f3n Social:<\/strong> Instaladora2021 S.L.<br data-start=\"327\" data-end=\"330\" \/><strong data-start=\"330\" data-end=\"338\">CIF:<\/strong> B02946580<br data-start=\"348\" data-end=\"351\" \/><strong data-start=\"351\" data-end=\"372\">Domicilio Social:<\/strong> CAP DE FORMENTOR, 1 ESC.2 4, 07011 Palma de Mallorca, Espa\u00f1a<br data-start=\"433\" data-end=\"436\" \/><strong data-start=\"436\" data-end=\"459\">Correo electr\u00f3nico:<\/strong> <a class=\"cursor-pointer\" rel=\"noopener\" data-start=\"460\" data-end=\"478\">soporteweb@splitel.es<\/a><br data-start=\"478\" data-end=\"481\" \/><strong data-start=\"481\" data-end=\"494\">Tel\u00e9fono:<\/strong> +34 871 100 464<\/p><p data-start=\"514\" data-end=\"680\">En Instaladora2021 S.L. nos comprometemos a proteger la privacidad y garantizar el correcto uso de los datos personales que recopilamos a trav\u00e9s de nuestro sitio web.<\/p><hr data-start=\"682\" data-end=\"685\" \/><h2 data-start=\"687\" data-end=\"718\">2. FINALIDAD DEL TRATAMIENTO<\/h2><p data-start=\"720\" data-end=\"795\">Recopilamos y tratamos tus datos personales con las siguientes finalidades:<\/p><ul data-start=\"797\" data-end=\"1221\"><li data-start=\"797\" data-end=\"987\"><p data-start=\"799\" data-end=\"987\">Responder a solicitudes de informaci\u00f3n sobre nuestros servicios (instalaci\u00f3n de aire acondicionado, electricidad BT y telecomunicaciones: fibra \u00f3ptica, cableado estructurado y redes WiFi).<\/p><\/li><li data-start=\"988\" data-end=\"1058\"><p data-start=\"990\" data-end=\"1058\">Gestionar presupuestos, contratos, facturaci\u00f3n y servicios t\u00e9cnicos.<\/p><\/li><li data-start=\"1059\" data-end=\"1157\"><p data-start=\"1061\" data-end=\"1157\">Comunicaciones comerciales relacionadas con nuestros productos y servicios, si as\u00ed lo autorizas.<\/p><\/li><li data-start=\"1158\" data-end=\"1221\"><p data-start=\"1160\" data-end=\"1221\">Cumplimiento de obligaciones legales aplicables a la empresa.<\/p><\/li><\/ul><hr data-start=\"1223\" data-end=\"1226\" \/><h2 data-start=\"1228\" data-end=\"1246\">3. LEGITIMACI\u00d3N<\/h2><p data-start=\"1248\" data-end=\"1298\">La base legal para el tratamiento de tus datos es:<\/p><ul data-start=\"1300\" data-end=\"1642\"><li data-start=\"1300\" data-end=\"1392\"><p data-start=\"1302\" data-end=\"1392\">Tu consentimiento expreso (art. 6.1.a RGPD), en los formularios de contacto o suscripci\u00f3n.<\/p><\/li><li data-start=\"1393\" data-end=\"1455\"><p data-start=\"1395\" data-end=\"1455\">La ejecuci\u00f3n de un contrato o precontrato (art. 6.1.b RGPD).<\/p><\/li><li data-start=\"1456\" data-end=\"1516\"><p data-start=\"1458\" data-end=\"1516\">El cumplimiento de obligaciones legales (art. 6.1.c RGPD).<\/p><\/li><li data-start=\"1517\" data-end=\"1642\"><p data-start=\"1519\" data-end=\"1642\">El inter\u00e9s leg\u00edtimo del responsable (art. 6.1.f RGPD), para mejorar nuestros servicios y garantizar la seguridad de la web.<\/p><\/li><\/ul><hr data-start=\"1644\" data-end=\"1647\" \/><h2 data-start=\"1649\" data-end=\"1680\">4. CONSERVACI\u00d3N DE LOS DATOS<\/h2><p data-start=\"1682\" data-end=\"1710\">Tus datos ser\u00e1n conservados:<\/p><ul data-start=\"1712\" data-end=\"1912\"><li data-start=\"1712\" data-end=\"1767\"><p data-start=\"1714\" data-end=\"1767\">Mientras exista una relaci\u00f3n comercial o contractual.<\/p><\/li><li data-start=\"1768\" data-end=\"1825\"><p data-start=\"1770\" data-end=\"1825\">Mientras no se solicite su supresi\u00f3n por el interesado.<\/p><\/li><li data-start=\"1826\" data-end=\"1912\"><p data-start=\"1828\" data-end=\"1912\">Durante los plazos legales exigidos por la normativa fiscal, mercantil o de consumo.<\/p><\/li><\/ul><hr data-start=\"1914\" data-end=\"1917\" \/><h2 data-start=\"1919\" data-end=\"1951\">5. DESTINATARIOS DE LOS DATOS<\/h2><p data-start=\"1953\" data-end=\"1991\">No se ceder\u00e1n datos a terceros, salvo:<\/p><ul data-start=\"1993\" data-end=\"2210\"><li data-start=\"1993\" data-end=\"2016\"><p data-start=\"1995\" data-end=\"2016\">Por obligaci\u00f3n legal.<\/p><\/li><li data-start=\"2017\" data-end=\"2210\"><p data-start=\"2019\" data-end=\"2210\">A proveedores de servicios contratados por Instaladora2021 S.L., quienes actuar\u00e1n como encargados del tratamiento y con quienes se firmar\u00e1n los correspondientes contratos de confidencialidad.<\/p><\/li><\/ul><hr data-start=\"2212\" data-end=\"2215\" \/><h2 data-start=\"2217\" data-end=\"2247\">6. DERECHOS DE LOS USUARIOS<\/h2><p data-start=\"2249\" data-end=\"2435\">Puedes ejercer tus derechos en cualquier momento, enviando un correo electr\u00f3nico a <strong data-start=\"2332\" data-end=\"2354\"><a class=\"cursor-pointer\" rel=\"noopener\" data-start=\"2334\" data-end=\"2352\">soporte@splitel.es<\/a><\/strong> con el asunto \u201cProtecci\u00f3n de Datos\u201d, indicando tu nombre y la acci\u00f3n que deseas:<\/p><ul data-start=\"2437\" data-end=\"2621\"><li data-start=\"2437\" data-end=\"2470\"><p data-start=\"2439\" data-end=\"2470\">Acceder a tus datos personales.<\/p><\/li><li data-start=\"2471\" data-end=\"2500\"><p data-start=\"2473\" data-end=\"2500\">Rectificar datos inexactos.<\/p><\/li><li data-start=\"2501\" data-end=\"2526\"><p data-start=\"2503\" data-end=\"2526\">Solicitar su supresi\u00f3n.<\/p><\/li><li data-start=\"2527\" data-end=\"2552\"><p data-start=\"2529\" data-end=\"2552\">Limitar su tratamiento.<\/p><\/li><li data-start=\"2553\" data-end=\"2579\"><p data-start=\"2555\" data-end=\"2579\">Oponerte al tratamiento.<\/p><\/li><li data-start=\"2580\" data-end=\"2621\"><p data-start=\"2582\" data-end=\"2621\">Solicitar la portabilidad de tus datos.<\/p><\/li><\/ul><p data-start=\"2623\" data-end=\"2785\">Tambi\u00e9n tienes derecho a presentar una reclamaci\u00f3n ante la <strong data-start=\"2682\" data-end=\"2725\">Agencia Espa\u00f1ola de Protecci\u00f3n de Datos<\/strong> si consideras que no hemos tratado tus datos adecuadamente.<\/p><hr data-start=\"2787\" data-end=\"2790\" \/><h2 data-start=\"2792\" data-end=\"2820\">7. SEGURIDAD DE LOS DATOS<\/h2><p data-start=\"2822\" data-end=\"3049\">Instaladora2021 S.L. ha adoptado todas las medidas t\u00e9cnicas y organizativas necesarias para garantizar la seguridad, integridad y confidencialidad de tus datos personales, evitando su p\u00e9rdida, alteraci\u00f3n o acceso no autorizado.<\/p><hr data-start=\"3051\" data-end=\"3054\" \/><h2 data-start=\"3056\" data-end=\"3098\">8. CAMBIOS EN LA POL\u00cdTICA DE PRIVACIDAD<\/h2><p data-start=\"3100\" data-end=\"3252\">Nos reservamos el derecho a modificar esta pol\u00edtica para adaptarla a novedades legislativas o jurisprudenciales. Se recomienda revisarla peri\u00f3dicamente.<\/p>\t\t\t\t\t\t\t\t<\/div>\n\t\t\t\t<\/div>\n\t\t\t\t\t<\/div>\n\t\t\t\t<\/div>\n\t\t\t\t<\/div>","protected":false},"excerpt":{"rendered":"<p>Pol\u00edtica de Privacidad 1. IDENTIDAD DEL RESPONSABLE Raz\u00f3n Social: Instaladora2021 S.L.CIF: B02946580Domicilio Social: CAP DE FORMENTOR, 1 ESC.2 4, 07011 Palma de Mallorca, Espa\u00f1aCorreo electr\u00f3nico: soporteweb@splitel.esTel\u00e9fono: +34 871 100 464 En Instaladora2021 S.L. nos comprometemos a proteger la privacidad y garantizar el correcto uso de los datos personales que recopilamos a trav\u00e9s de nuestro sitio [&hellip;]<\/p>\n","protected":false},"author":1,"featured_media":0,"parent":0,"menu_order":0,"comment_status":"closed","ping_status":"closed","template":"","meta":{"_acf_changed":false,"_monsterinsights_skip_tracking":false,"_monsterinsights_sitenote_active":false,"_monsterinsights_sitenote_note":"","_monsterinsights_sitenote_category":0,"footnotes":""},"class_list":["post-2491","page","type-page","status-publish","hentry"],"acf":[],"aioseo_notices":[],"_links":{"self":[{"href":"https:\/\/splitel.es\/en\/wp-json\/wp\/v2\/pages\/2491","targetHints":{"allow":["GET"]}}],"collection":[{"href":"https:\/\/splitel.es\/en\/wp-json\/wp\/v2\/pages"}],"about":[{"href":"https:\/\/splitel.es\/en\/wp-json\/wp\/v2\/types\/page"}],"author":[{"embeddable":true,"href":"https:\/\/splitel.es\/en\/wp-json\/wp\/v2\/users\/1"}],"replies":[{"embeddable":true,"href":"https:\/\/splitel.es\/en\/wp-json\/wp\/v2\/comments?post=2491"}],"version-history":[{"count":7,"href":"https:\/\/splitel.es\/en\/wp-json\/wp\/v2\/pages\/2491\/revisions"}],"predecessor-version":[{"id":2571,"href":"https:\/\/splitel.es\/en\/wp-json\/wp\/v2\/pages\/2491\/revisions\/2571"}],"wp:attachment":[{"href":"https:\/\/splitel.es\/en\/wp-json\/wp\/v2\/media?parent=2491"}],"curies":[{"name":"wp","href":"https:\/\/api.w.org\/{rel}","templated":true}]}}