{"id":2368,"date":"2025-05-28T12:04:09","date_gmt":"2025-05-28T10:04:09","guid":{"rendered":"https:\/\/splitel.es\/?page_id=2368"},"modified":"2025-06-06T13:38:45","modified_gmt":"2025-06-06T11:38:45","slug":"experiencia-y-calidad","status":"publish","type":"page","link":"https:\/\/splitel.es\/en\/experiencia-y-calidad\/","title":{"rendered":"Experiencia y calidad"},"content":{"rendered":"<div data-elementor-type=\"wp-page\" data-elementor-id=\"2368\" class=\"elementor elementor-2368\" data-elementor-post-type=\"page\">\n\t\t\t\t<div class=\"elementor-element elementor-element-344120b e-flex e-con-boxed e-con e-parent\" data-id=\"344120b\" data-element_type=\"container\" data-e-type=\"container\">\n\t\t\t\t\t<div class=\"e-con-inner\">\n\t\t<div class=\"elementor-element elementor-element-5f10fcb e-con-full e-flex e-con e-child\" data-id=\"5f10fcb\" data-element_type=\"container\" data-e-type=\"container\">\n\t\t\t\t<div class=\"elementor-element elementor-element-df96b03 elementor-widget elementor-widget-heading bdevs-el heading\" data-id=\"df96b03\" data-element_type=\"widget\" data-e-type=\"widget\" data-settings=\"{&quot;design_style&quot;:&quot;style_1&quot;}\" data-widget_type=\"heading.default\">\n\t\t\t\t<div class=\"elementor-widget-container\">\n\t\t\t\t\t\n        \n                            <div class=\"section-title-wrapper wow fadeInUp2 bdevs-el-content\" data-wow-delay=\".3s\">\n                                        <h3 class=\"section__title section__title-4 section__title-4-p-2 section-title section-title bdevs-el-title\">Con mas de 15 a\u00f1os de experiencia como instaladores de fibra \u00f3ptica, somos adem\u00e1s instaladores  autorizados de aire acondicionado y electricidad de baja tensi\u00f3n.<\/h3>\n                    \n                <\/div>\n            \n        \t\t\t\t<\/div>\n\t\t\t\t<\/div>\n\t\t\t\t<div class=\"elementor-element elementor-element-a603f87 elementor-widget elementor-widget-button\" data-id=\"a603f87\" data-element_type=\"widget\" data-e-type=\"widget\" data-widget_type=\"button.default\">\n\t\t\t\t<div class=\"elementor-widget-container\">\n\t\t\t\t\t\t\t\t\t<div class=\"elementor-button-wrapper\">\n\t\t\t\t\t<a class=\"elementor-button elementor-button-link elementor-size-sm\" href=\"https:\/\/splitel.es\/en\/contacto\/\">\n\t\t\t\t\t\t<span class=\"elementor-button-content-wrapper\">\n\t\t\t\t\t\t\t\t\t<span class=\"elementor-button-text\">Cont\u00e1ctanos<\/span>\n\t\t\t\t\t<\/span>\n\t\t\t\t\t<\/a>\n\t\t\t\t<\/div>\n\t\t\t\t\t\t\t\t<\/div>\n\t\t\t\t<\/div>\n\t\t\t\t<\/div>\n\t\t<div class=\"elementor-element elementor-element-f60c793 e-con-full e-flex e-con e-child\" data-id=\"f60c793\" data-element_type=\"container\" data-e-type=\"container\">\n\t\t\t\t<div class=\"elementor-element elementor-element-000a00f elementor-widget elementor-widget-image\" data-id=\"000a00f\" data-element_type=\"widget\" data-e-type=\"widget\" data-widget_type=\"image.default\">\n\t\t\t\t<div class=\"elementor-widget-container\">\n\t\t\t\t\t\t\t\t\t\t\t\t\t\t\t<img fetchpriority=\"high\" decoding=\"async\" width=\"640\" height=\"395\" src=\"https:\/\/splitel.es\/wp-content\/uploads\/2025\/05\/3-64ba4571.jpeg\" class=\"attachment-large size-large wp-image-2331\" alt=\"\" srcset=\"https:\/\/splitel.es\/wp-content\/uploads\/2025\/05\/3-64ba4571.jpeg 700w, https:\/\/splitel.es\/wp-content\/uploads\/2025\/05\/3-64ba4571-640x395.jpeg 640w, https:\/\/splitel.es\/wp-content\/uploads\/2025\/05\/3-64ba4571-18x12.jpeg 18w\" sizes=\"(max-width: 640px) 100vw, 640px\" \/>\t\t\t\t\t\t\t\t\t\t\t\t\t\t\t<\/div>\n\t\t\t\t<\/div>\n\t\t\t\t<\/div>\n\t\t\t\t\t<\/div>\n\t\t\t\t<\/div>\n\t\t<div class=\"elementor-element elementor-element-520e40b e-flex e-con-boxed e-con e-parent\" data-id=\"520e40b\" data-element_type=\"container\" data-e-type=\"container\">\n\t\t\t\t\t<div class=\"e-con-inner\">\n\t\t\t\t<div class=\"elementor-element elementor-element-cc8d98c elementor-widget elementor-widget-heading bdevs-el heading\" data-id=\"cc8d98c\" data-element_type=\"widget\" data-e-type=\"widget\" data-settings=\"{&quot;design_style&quot;:&quot;style_1&quot;}\" data-widget_type=\"heading.default\">\n\t\t\t\t<div class=\"elementor-widget-container\">\n\t\t\t\t\t\n        \n                            <div class=\"section-title-wrapper wow fadeInUp2 bdevs-el-content\" data-wow-delay=\".3s\">\n                                        <h2 class=\"section__title section__title-4 section__title-4-p-2 section-title section-title bdevs-el-title\">Proyectos destacados<\/h2>\n                                            <p>Instalaciones de aire acondicionado y electricidad en baja tensi\u00f3n.<\/p>\n                    \n                <\/div>\n            \n        \t\t\t\t<\/div>\n\t\t\t\t<\/div>\n\t\t\t\t\t<\/div>\n\t\t\t\t<\/div>\n\t\t<div class=\"elementor-element elementor-element-fc54f19 e-flex e-con-boxed e-con e-parent\" data-id=\"fc54f19\" data-element_type=\"container\" data-e-type=\"container\">\n\t\t\t\t\t<div class=\"e-con-inner\">\n\t\t<div class=\"elementor-element elementor-element-7d0cd29 e-con-full e-flex e-con e-child\" data-id=\"7d0cd29\" data-element_type=\"container\" data-e-type=\"container\">\n\t\t\t\t<div class=\"elementor-element elementor-element-66b7878 elementor-widget elementor-widget-image\" data-id=\"66b7878\" data-element_type=\"widget\" data-e-type=\"widget\" data-widget_type=\"image.default\">\n\t\t\t\t<div class=\"elementor-widget-container\">\n\t\t\t\t\t\t\t\t\t\t\t\t\t\t\t<img decoding=\"async\" width=\"503\" height=\"360\" src=\"https:\/\/splitel.es\/wp-content\/uploads\/2025\/05\/photo-1610128833542-9e1d6c6133cb.jpg\" class=\"attachment-large size-large wp-image-2381\" alt=\"\" srcset=\"https:\/\/splitel.es\/wp-content\/uploads\/2025\/05\/photo-1610128833542-9e1d6c6133cb.jpg 503w, https:\/\/splitel.es\/wp-content\/uploads\/2025\/05\/photo-1610128833542-9e1d6c6133cb-18x12.jpg 18w\" sizes=\"(max-width: 503px) 100vw, 503px\" \/>\t\t\t\t\t\t\t\t\t\t\t\t\t\t\t<\/div>\n\t\t\t\t<\/div>\n\t\t\t\t<\/div>\n\t\t<div class=\"elementor-element elementor-element-93e1561 e-con-full e-flex e-con e-child\" data-id=\"93e1561\" data-element_type=\"container\" data-e-type=\"container\">\n\t\t\t\t<div class=\"elementor-element elementor-element-3674615 elementor-widget elementor-widget-image\" data-id=\"3674615\" data-element_type=\"widget\" data-e-type=\"widget\" data-widget_type=\"image.default\">\n\t\t\t\t<div class=\"elementor-widget-container\">\n\t\t\t\t\t\t\t\t\t\t\t\t\t\t\t<img decoding=\"async\" width=\"503\" height=\"360\" src=\"https:\/\/splitel.es\/wp-content\/uploads\/2025\/05\/photo-1702822903693-0a18874d881e.jpg\" class=\"attachment-large size-large wp-image-2380\" alt=\"\" srcset=\"https:\/\/splitel.es\/wp-content\/uploads\/2025\/05\/photo-1702822903693-0a18874d881e.jpg 503w, https:\/\/splitel.es\/wp-content\/uploads\/2025\/05\/photo-1702822903693-0a18874d881e-18x12.jpg 18w\" sizes=\"(max-width: 503px) 100vw, 503px\" \/>\t\t\t\t\t\t\t\t\t\t\t\t\t\t\t<\/div>\n\t\t\t\t<\/div>\n\t\t\t\t<\/div>\n\t\t\t\t\t<\/div>\n\t\t\t\t<\/div>\n\t\t<div class=\"elementor-element elementor-element-78f8de7 e-flex e-con-boxed e-con e-parent\" data-id=\"78f8de7\" data-element_type=\"container\" data-e-type=\"container\">\n\t\t\t\t\t<div class=\"e-con-inner\">\n\t\t<div class=\"elementor-element elementor-element-2d67ca3 e-con-full e-flex e-con e-child\" data-id=\"2d67ca3\" data-element_type=\"container\" data-e-type=\"container\">\n\t\t\t\t<div class=\"elementor-element elementor-element-46e5732 elementor-widget elementor-widget-heading bdevs-el heading\" data-id=\"46e5732\" data-element_type=\"widget\" data-e-type=\"widget\" data-settings=\"{&quot;design_style&quot;:&quot;style_1&quot;}\" data-widget_type=\"heading.default\">\n\t\t\t\t<div class=\"elementor-widget-container\">\n\t\t\t\t\t\n        \n                            <div class=\"section-title-wrapper wow fadeInUp2 bdevs-el-content\" data-wow-delay=\".3s\">\n                                        <h2 class=\"section__title section__title-4 section__title-4-p-2 section-title section-title bdevs-el-title\">Fibra \u00f3ptica<\/h2>\n                                            <p>Experiencia mas de 15 a\u00f1os en instalaciones de fibra optica.<\/p>\n                    \n                <\/div>\n            \n        \t\t\t\t<\/div>\n\t\t\t\t<\/div>\n\t\t\t\t<\/div>\n\t\t<div class=\"elementor-element elementor-element-cb3bf93 e-con-full e-flex e-con e-child\" data-id=\"cb3bf93\" data-element_type=\"container\" data-e-type=\"container\">\n\t\t\t\t<div class=\"elementor-element elementor-element-32e0061 elementor-align-right elementor-widget elementor-widget-button\" data-id=\"32e0061\" data-element_type=\"widget\" data-e-type=\"widget\" data-widget_type=\"button.default\">\n\t\t\t\t<div class=\"elementor-widget-container\">\n\t\t\t\t\t\t\t\t\t<div class=\"elementor-button-wrapper\">\n\t\t\t\t\t<a class=\"elementor-button elementor-button-link elementor-size-sm\" href=\"https:\/\/splitel.es\/en\/fibra-optica\/\">\n\t\t\t\t\t\t<span class=\"elementor-button-content-wrapper\">\n\t\t\t\t\t\t<span class=\"elementor-button-icon\">\n\t\t\t\t<i aria-hidden=\"true\" class=\"fas fa-long-arrow-alt-right\"><\/i>\t\t\t<\/span>\n\t\t\t\t\t\t\t\t\t<span class=\"elementor-button-text\">Saber m\u00e1s<\/span>\n\t\t\t\t\t<\/span>\n\t\t\t\t\t<\/a>\n\t\t\t\t<\/div>\n\t\t\t\t\t\t\t\t<\/div>\n\t\t\t\t<\/div>\n\t\t\t\t<\/div>\n\t\t\t\t\t<\/div>\n\t\t\t\t<\/div>\n\t\t<div class=\"elementor-element elementor-element-0f74e04 e-flex e-con-boxed e-con e-parent\" data-id=\"0f74e04\" data-element_type=\"container\" data-e-type=\"container\">\n\t\t\t\t\t<div class=\"e-con-inner\">\n\t\t<div class=\"elementor-element elementor-element-f4c6833 e-con-full e-flex e-con e-child\" data-id=\"f4c6833\" data-element_type=\"container\" data-e-type=\"container\">\n\t\t\t\t<div class=\"elementor-element elementor-element-98272cc elementor-widget elementor-widget-image\" data-id=\"98272cc\" data-element_type=\"widget\" data-e-type=\"widget\" data-widget_type=\"image.default\">\n\t\t\t\t<div class=\"elementor-widget-container\">\n\t\t\t\t\t\t\t\t\t\t\t\t\t\t\t<img loading=\"lazy\" decoding=\"async\" width=\"474\" height=\"360\" src=\"https:\/\/splitel.es\/wp-content\/uploads\/2025\/05\/a1761d56-0490-480a-8d1c-aa33e91d0826-mjEqvnZ0MXI5vzbJ.jpg\" class=\"attachment-large size-large wp-image-2382\" alt=\"\" srcset=\"https:\/\/splitel.es\/wp-content\/uploads\/2025\/05\/a1761d56-0490-480a-8d1c-aa33e91d0826-mjEqvnZ0MXI5vzbJ.jpg 474w, https:\/\/splitel.es\/wp-content\/uploads\/2025\/05\/a1761d56-0490-480a-8d1c-aa33e91d0826-mjEqvnZ0MXI5vzbJ-16x12.jpg 16w\" sizes=\"(max-width: 474px) 100vw, 474px\" \/>\t\t\t\t\t\t\t\t\t\t\t\t\t\t\t<\/div>\n\t\t\t\t<\/div>\n\t\t\t\t<\/div>\n\t\t<div class=\"elementor-element elementor-element-f5e5213 e-con-full e-flex e-con e-child\" data-id=\"f5e5213\" data-element_type=\"container\" data-e-type=\"container\">\n\t\t\t\t<div class=\"elementor-element elementor-element-a2155f9 elementor-widget elementor-widget-image\" data-id=\"a2155f9\" data-element_type=\"widget\" data-e-type=\"widget\" data-widget_type=\"image.default\">\n\t\t\t\t<div class=\"elementor-widget-container\">\n\t\t\t\t\t\t\t\t\t\t\t\t\t\t\t<img loading=\"lazy\" decoding=\"async\" width=\"503\" height=\"360\" src=\"https:\/\/splitel.es\/wp-content\/uploads\/2025\/05\/2-742bf034.jpeg\" class=\"attachment-full size-full wp-image-2316\" alt=\"\" srcset=\"https:\/\/splitel.es\/wp-content\/uploads\/2025\/05\/2-742bf034.jpeg 503w, https:\/\/splitel.es\/wp-content\/uploads\/2025\/05\/2-742bf034-18x12.jpeg 18w\" sizes=\"(max-width: 503px) 100vw, 503px\" \/>\t\t\t\t\t\t\t\t\t\t\t\t\t\t\t<\/div>\n\t\t\t\t<\/div>\n\t\t\t\t<\/div>\n\t\t\t\t\t<\/div>\n\t\t\t\t<\/div>\n\t\t<div class=\"elementor-element elementor-element-3bd6e67 e-flex e-con-boxed e-con e-parent\" data-id=\"3bd6e67\" data-element_type=\"container\" data-e-type=\"container\">\n\t\t\t\t\t<div class=\"e-con-inner\">\n\t\t<div class=\"elementor-element elementor-element-1ed9db0 e-con-full e-flex e-con e-child\" data-id=\"1ed9db0\" data-element_type=\"container\" data-e-type=\"container\">\n\t\t\t\t<div class=\"elementor-element elementor-element-703de2a elementor-widget elementor-widget-heading bdevs-el heading\" data-id=\"703de2a\" data-element_type=\"widget\" data-e-type=\"widget\" data-settings=\"{&quot;design_style&quot;:&quot;style_1&quot;}\" data-widget_type=\"heading.default\">\n\t\t\t\t<div class=\"elementor-widget-container\">\n\t\t\t\t\t\n        \n                            <div class=\"section-title-wrapper wow fadeInUp2 bdevs-el-content\" data-wow-delay=\".3s\">\n                                        <h2 class=\"section__title section__title-4 section__title-4-p-2 section-title section-title bdevs-el-title\">Servicios el\u00e9ctricos<\/h2>\n                                            <p>Soluciones eficientes para tus necesidades el\u00e9ctricas y de climatizaci\u00f3n.<\/p>\n                    \n                <\/div>\n            \n        \t\t\t\t<\/div>\n\t\t\t\t<\/div>\n\t\t\t\t<\/div>\n\t\t<div class=\"elementor-element elementor-element-fd15c12 e-con-full e-flex e-con e-child\" data-id=\"fd15c12\" data-element_type=\"container\" data-e-type=\"container\">\n\t\t\t\t<div class=\"elementor-element elementor-element-8827160 elementor-align-right elementor-widget elementor-widget-button\" data-id=\"8827160\" data-element_type=\"widget\" data-e-type=\"widget\" data-widget_type=\"button.default\">\n\t\t\t\t<div class=\"elementor-widget-container\">\n\t\t\t\t\t\t\t\t\t<div class=\"elementor-button-wrapper\">\n\t\t\t\t\t<a class=\"elementor-button elementor-button-link elementor-size-sm\" href=\"https:\/\/splitel.es\/en\/servicios-electricos\/\">\n\t\t\t\t\t\t<span class=\"elementor-button-content-wrapper\">\n\t\t\t\t\t\t<span class=\"elementor-button-icon\">\n\t\t\t\t<i aria-hidden=\"true\" class=\"fas fa-long-arrow-alt-right\"><\/i>\t\t\t<\/span>\n\t\t\t\t\t\t\t\t\t<span class=\"elementor-button-text\">Consultar<\/span>\n\t\t\t\t\t<\/span>\n\t\t\t\t\t<\/a>\n\t\t\t\t<\/div>\n\t\t\t\t\t\t\t\t<\/div>\n\t\t\t\t<\/div>\n\t\t\t\t<\/div>\n\t\t\t\t\t<\/div>\n\t\t\t\t<\/div>\n\t\t\t\t<\/div>","protected":false},"excerpt":{"rendered":"<p>Con mas de 15 a\u00f1os de experiencia como instaladores de fibra \u00f3ptica, somos adem\u00e1s instaladores autorizados de aire acondicionado y electricidad de baja tensi\u00f3n. Cont\u00e1ctanos Proyectos destacados Instalaciones de aire acondicionado y electricidad en baja tensi\u00f3n. Fibra \u00f3ptica Experiencia mas de 15 a\u00f1os en instalaciones de fibra optica. Saber m\u00e1s Servicios el\u00e9ctricos Soluciones eficientes para [&hellip;]<\/p>\n","protected":false},"author":1,"featured_media":0,"parent":0,"menu_order":0,"comment_status":"closed","ping_status":"closed","template":"","meta":{"_acf_changed":false,"_monsterinsights_skip_tracking":false,"_monsterinsights_sitenote_active":false,"_monsterinsights_sitenote_note":"","_monsterinsights_sitenote_category":0,"footnotes":""},"class_list":["post-2368","page","type-page","status-publish","hentry"],"acf":[],"aioseo_notices":[],"_links":{"self":[{"href":"https:\/\/splitel.es\/en\/wp-json\/wp\/v2\/pages\/2368","targetHints":{"allow":["GET"]}}],"collection":[{"href":"https:\/\/splitel.es\/en\/wp-json\/wp\/v2\/pages"}],"about":[{"href":"https:\/\/splitel.es\/en\/wp-json\/wp\/v2\/types\/page"}],"author":[{"embeddable":true,"href":"https:\/\/splitel.es\/en\/wp-json\/wp\/v2\/users\/1"}],"replies":[{"embeddable":true,"href":"https:\/\/splitel.es\/en\/wp-json\/wp\/v2\/comments?post=2368"}],"version-history":[{"count":14,"href":"https:\/\/splitel.es\/en\/wp-json\/wp\/v2\/pages\/2368\/revisions"}],"predecessor-version":[{"id":2565,"href":"https:\/\/splitel.es\/en\/wp-json\/wp\/v2\/pages\/2368\/revisions\/2565"}],"wp:attachment":[{"href":"https:\/\/splitel.es\/en\/wp-json\/wp\/v2\/media?parent=2368"}],"curies":[{"name":"wp","href":"https:\/\/api.w.org\/{rel}","templated":true}]}}